{"id":1579,"date":"2024-09-06T19:57:23","date_gmt":"2024-09-06T19:57:23","guid":{"rendered":"https:\/\/hotelgrosuplje.si\/usluge\/"},"modified":"2025-01-23T01:02:49","modified_gmt":"2025-01-23T01:02:49","slug":"usluge","status":"publish","type":"page","link":"https:\/\/hotelgrosuplje.si\/sr\/usluge\/","title":{"rendered":"Usluge"},"content":{"rendered":"\t\t<div data-elementor-type=\"wp-page\" data-elementor-id=\"1579\" class=\"elementor elementor-1579 elementor-35\">\n\t\t\t\t<div class=\"elementor-element elementor-element-dcaf954 e-con-full e-flex e-con e-parent\" data-id=\"dcaf954\" data-element_type=\"container\" data-e-type=\"container\" data-settings=\"{&quot;background_background&quot;:&quot;classic&quot;}\">\n\t\t\t\t<div class=\"elementor-element elementor-element-d89a21e g-text-1 elementor-widget elementor-widget-heading\" data-id=\"d89a21e\" data-element_type=\"widget\" data-e-type=\"widget\" data-widget_type=\"heading.default\">\n\t\t\t\t<div class=\"elementor-widget-container\">\n\t\t\t\t\t<h1 class=\"elementor-heading-title elementor-size-default\">Usluge<\/h1>\t\t\t\t<\/div>\n\t\t\t\t<\/div>\n\t\t\t\t<\/div>\n\t\t<div class=\"elementor-element elementor-element-0a09d63 e-flex e-con-boxed e-con e-parent\" data-id=\"0a09d63\" data-element_type=\"container\" data-e-type=\"container\">\n\t\t\t\t\t<div class=\"e-con-inner\">\n\t\t<div class=\"elementor-element elementor-element-74bfc39 e-con-full e-flex e-con e-child\" data-id=\"74bfc39\" data-element_type=\"container\" data-e-type=\"container\" data-settings=\"{&quot;background_background&quot;:&quot;classic&quot;}\">\n\t\t\t\t<\/div>\n\t\t<div class=\"elementor-element elementor-element-e4b90b3 e-con-full e-flex e-con e-child\" data-id=\"e4b90b3\" data-element_type=\"container\" data-e-type=\"container\">\n\t\t\t\t<div class=\"elementor-element elementor-element-1ecfdd1 g-text-1 elementor-widget elementor-widget-heading\" data-id=\"1ecfdd1\" data-element_type=\"widget\" data-e-type=\"widget\" data-widget_type=\"heading.default\">\n\t\t\t\t<div class=\"elementor-widget-container\">\n\t\t\t\t\t<h2 class=\"elementor-heading-title elementor-size-default\">Sala za doga\u0111aje u hotelu Grosuplje<\/h2>\t\t\t\t<\/div>\n\t\t\t\t<\/div>\n\t\t\t\t<div class=\"elementor-element elementor-element-26eaa9b elementor-widget-divider--view-line elementor-widget elementor-widget-divider\" data-id=\"26eaa9b\" data-element_type=\"widget\" data-e-type=\"widget\" data-widget_type=\"divider.default\">\n\t\t\t\t<div class=\"elementor-widget-container\">\n\t\t\t\t\t\t\t<div class=\"elementor-divider\">\n\t\t\t<span class=\"elementor-divider-separator\">\n\t\t\t\t\t\t<\/span>\n\t\t<\/div>\n\t\t\t\t\t\t<\/div>\n\t\t\t\t<\/div>\n\t\t\t\t<div class=\"elementor-element elementor-element-9b624d4 elementor-widget elementor-widget-text-editor\" data-id=\"9b624d4\" data-element_type=\"widget\" data-e-type=\"widget\" data-widget_type=\"text-editor.default\">\n\t\t\t\t<div class=\"elementor-widget-container\">\n\t\t\t\t\t\t\t\t\t<p style=\"font-weight: 400;\">Na\u0161a prostrana i fleksibilna sala, koja prima do 220 osoba, savr\u0161en je prostor za sve vrste doga\u0111aja \u2013 od ven\u010danja, ro\u0111endana, poslovnih sastanaka i korporativnih zabava, do ve\u0107ih proslava i porodi\u010dnih okupljanja. Bez obzira na vrstu doga\u0111aja, na\u0161a sala mo\u017ee se prilagoditi va\u0161im potrebama i \u017eeljama. U zavisnosti od broja gostiju i vrste doga\u0111aja, prostor se mo\u017ee oblikovati i prilagoditi prema va\u0161im \u017eeljama, bilo u manje intimne prostore ili u ve\u0107e otvorene dvorane za \u0161iru publiku.  <\/p>\n<p style=\"font-weight: 400;\">Za svaki tip doga\u0111aja nudimo \u0161irok spektar vrhunske hrane i pi\u0107a. Na\u0161 tim kuvara priprema jela koja su pa\u017eljivo odabrana i pripremljena koriste\u0107i sve\u017ee, lokalne sastojke. Dostupni su razli\u010diti meniji, prilago\u0111eni va\u0161im \u017eeljama i potrebama, bilo za lagane u\u017eine i koktele, bilo za kompletan ru\u010dak ili ve\u010deru. Pored toga, nudimo \u0161irok izbor pi\u0107a koja \u0107e zadovoljiti svaki ukus \u2013 od osve\u017eavaju\u0107ih bezalkoholnih napitaka do vrhunskih vina i drugih alkoholnih pi\u0107a.   <\/p>\n<p style=\"font-weight: 400;\">Na\u0161a sala je idealna za organizaciju doga\u0111aja svih vrsta, jer omogu\u0107ava potpunu prilagodljivost va\u0161im \u017eeljama. Na\u0161 tim \u0107e se posvetiti svakom detalju kako bi va\u0161 doga\u0111aj protekao bez briga, uz vrhunsko vo\u0111enje, kvalitetnu hranu i pi\u0107e, kao i prijatan ambijent. <\/p>\n<p style=\"font-weight: 400;\">Bez obzira na to da li je u pitanju manji poslovni sastanak ili velika zabava, na\u0161a sala u hotelu Grosuplje pravi je prostor za va\u0161 doga\u0111aj, jer obezbe\u0111ujemo izuzetnu uslugu koja \u0107e va\u0161a slavlja u\u010diniti nezaboravnim.<\/p>\n\t\t\t\t\t\t\t\t<\/div>\n\t\t\t\t<\/div>\n\t\t\t\t<\/div>\n\t\t\t\t\t<\/div>\n\t\t\t\t<\/div>\n\t\t<div class=\"elementor-element elementor-element-b435d52 e-flex e-con-boxed e-con e-parent\" data-id=\"b435d52\" data-element_type=\"container\" data-e-type=\"container\">\n\t\t\t\t\t<div class=\"e-con-inner\">\n\t\t<div class=\"elementor-element elementor-element-79dbed5 e-con-full e-flex e-con e-child\" data-id=\"79dbed5\" data-element_type=\"container\" data-e-type=\"container\">\n\t\t\t\t<div class=\"elementor-element elementor-element-24fb5a7 g-text-1 elementor-widget elementor-widget-heading\" data-id=\"24fb5a7\" data-element_type=\"widget\" data-e-type=\"widget\" data-widget_type=\"heading.default\">\n\t\t\t\t<div class=\"elementor-widget-container\">\n\t\t\t\t\t<h2 class=\"elementor-heading-title elementor-size-default\">Ven\u010danja u hotelu Grosuplje\n\n<\/h2>\t\t\t\t<\/div>\n\t\t\t\t<\/div>\n\t\t\t\t<div class=\"elementor-element elementor-element-ef97756 elementor-widget-divider--view-line elementor-widget elementor-widget-divider\" data-id=\"ef97756\" data-element_type=\"widget\" data-e-type=\"widget\" data-widget_type=\"divider.default\">\n\t\t\t\t<div class=\"elementor-widget-container\">\n\t\t\t\t\t\t\t<div class=\"elementor-divider\">\n\t\t\t<span class=\"elementor-divider-separator\">\n\t\t\t\t\t\t<\/span>\n\t\t<\/div>\n\t\t\t\t\t\t<\/div>\n\t\t\t\t<\/div>\n\t\t\t\t<div class=\"elementor-element elementor-element-85381c9 elementor-widget elementor-widget-text-editor\" data-id=\"85381c9\" data-element_type=\"widget\" data-e-type=\"widget\" data-widget_type=\"text-editor.default\">\n\t\t\t\t<div class=\"elementor-widget-container\">\n\t\t\t\t\t\t\t\t\t<p>Hotel Grosuplje je idealno mesto za proslavu jednog od najva\u017enijih trenutaka u va\u0161em \u017eivotu \u2013 va\u0161eg ven\u010danja. Bez obzira na to da li planirate intimno ven\u010danje u u\u017eem krugu najbli\u017eih ili veliku proslavu sa stotinama gostiju, na\u0161a sala koja prima do 220 osoba potpuno je prilagodljiva va\u0161im \u017eeljama i potrebama. <u><\/u><u><\/u><\/p>\n<p>Za potpuno ven\u010danje nudimo sve \u0161to vam je potrebno za nezaboravnu proslavu. Od dekoracije koja \u0107e prostoru dati magi\u010dnu i romanti\u010dnu atmosferu, do vrhunske hrane i pi\u0107a koja \u0107e odu\u0161eviti va\u0161e goste. Na\u0161 tim \u0107e se pobrinuti za sve detalje \u2013 odabir menija, postavka prostora, izbor muzike i DJ-a, sve \u0107e biti prilago\u0111eno va\u0161oj viziji ven\u010danja.  <u><\/u><u><\/u><\/p>\n<p>Na raspolaganju imamo bogat izbor menija, koji uklju\u010duju sve od elegantnih predjela, sve\u010danih ve\u010dera do raznovrsnih poslastica koje \u0107e ostaviti nezaboravan utisak na va\u0161e goste. Naravno, pripremi\u0107emo vam i sve vrste pi\u0107a \u2013 od \u0161ampanjca, vina, koktela do osve\u017eavaju\u0107ih napitaka koji \u0107e upotpuniti celu atmosferu. <u><\/u><u><\/u><\/p>\n<p>Pored toga, omogu\u0107avamo vam da organizaciju ven\u010danja potpuno prilagodite svojim \u017eeljama \u2013 od odabira muzike koja \u0107e obele\u017eiti va\u0161 poseban trenutak, do svih dodatnih usluga koje \u0107e vam omogu\u0107iti da se opu\u0161teno i bez briga prepustite u\u017eivanju u najlep\u0161em danu va\u0161eg \u017eivota.<u><\/u><u><\/u><\/p>\n<p>Sve \u0161to vam je potrebno za savr\u0161eno ven\u010danje dostupno je u hotelu Grosuplje \u2013 od profesionalnog osoblja do vrhunskih usluga koje \u0107e va\u0161u svadbu u\u010diniti nezaboravnom. Poverite nam sve detalje, a mi \u0107emo stvoriti ven\u010danje koje \u0107e odra\u017eavati va\u0161 stil i \u017eelje. <u><\/u><u><\/u><\/p>\n<p>Za vi\u0161e informacija ili rezervaciju, pozivamo vas da nas kontaktirate i zajedno zapo\u010dnemo planiranje va\u0161eg ven\u010danja iz snova!<\/p>\n\t\t\t\t\t\t\t\t<\/div>\n\t\t\t\t<\/div>\n\t\t\t\t<\/div>\n\t\t<div class=\"elementor-element elementor-element-60b48b1 e-con-full e-flex e-con e-child\" data-id=\"60b48b1\" data-element_type=\"container\" data-e-type=\"container\" data-settings=\"{&quot;background_background&quot;:&quot;classic&quot;}\">\n\t\t\t\t<\/div>\n\t\t\t\t\t<\/div>\n\t\t\t\t<\/div>\n\t\t\t\t<\/div>\n\t\t","protected":false},"excerpt":{"rendered":"<p>Usluge Sala za doga\u0111aje u hotelu Grosuplje Na\u0161a prostrana i fleksibilna sala, koja prima do 220 osoba, savr\u0161en je prostor za sve vrste doga\u0111aja \u2013 od ven\u010danja, ro\u0111endana, poslovnih sastanaka i korporativnih zabava, do ve\u0107ih proslava i porodi\u010dnih okupljanja. Bez obzira na vrstu doga\u0111aja, na\u0161a sala mo\u017ee se prilagoditi va\u0161im potrebama i \u017eeljama. U zavisnosti [&hellip;]<\/p>\n","protected":false},"author":1,"featured_media":0,"parent":0,"menu_order":0,"comment_status":"closed","ping_status":"closed","template":"","meta":{"footnotes":""},"class_list":["post-1579","page","type-page","status-publish","hentry"],"_links":{"self":[{"href":"https:\/\/hotelgrosuplje.si\/sr\/wp-json\/wp\/v2\/pages\/1579","targetHints":{"allow":["GET"]}}],"collection":[{"href":"https:\/\/hotelgrosuplje.si\/sr\/wp-json\/wp\/v2\/pages"}],"about":[{"href":"https:\/\/hotelgrosuplje.si\/sr\/wp-json\/wp\/v2\/types\/page"}],"author":[{"embeddable":true,"href":"https:\/\/hotelgrosuplje.si\/sr\/wp-json\/wp\/v2\/users\/1"}],"replies":[{"embeddable":true,"href":"https:\/\/hotelgrosuplje.si\/sr\/wp-json\/wp\/v2\/comments?post=1579"}],"version-history":[{"count":1,"href":"https:\/\/hotelgrosuplje.si\/sr\/wp-json\/wp\/v2\/pages\/1579\/revisions"}],"predecessor-version":[{"id":1580,"href":"https:\/\/hotelgrosuplje.si\/sr\/wp-json\/wp\/v2\/pages\/1579\/revisions\/1580"}],"wp:attachment":[{"href":"https:\/\/hotelgrosuplje.si\/sr\/wp-json\/wp\/v2\/media?parent=1579"}],"curies":[{"name":"wp","href":"https:\/\/api.w.org\/{rel}","templated":true}]}}