{"id":1577,"date":"2024-09-06T19:57:23","date_gmt":"2024-09-06T19:57:23","guid":{"rendered":"https:\/\/hotelgrosuplje.si\/servizi\/"},"modified":"2025-01-23T01:02:34","modified_gmt":"2025-01-23T01:02:34","slug":"servizi","status":"publish","type":"page","link":"https:\/\/hotelgrosuplje.si\/it\/servizi\/","title":{"rendered":"Servizi"},"content":{"rendered":"\t\t<div data-elementor-type=\"wp-page\" data-elementor-id=\"1577\" class=\"elementor elementor-1577 elementor-35\">\n\t\t\t\t<div class=\"elementor-element elementor-element-dcaf954 e-con-full e-flex e-con e-parent\" data-id=\"dcaf954\" data-element_type=\"container\" data-e-type=\"container\" data-settings=\"{&quot;background_background&quot;:&quot;classic&quot;}\">\n\t\t\t\t<div class=\"elementor-element elementor-element-d89a21e g-text-1 elementor-widget elementor-widget-heading\" data-id=\"d89a21e\" data-element_type=\"widget\" data-e-type=\"widget\" data-widget_type=\"heading.default\">\n\t\t\t\t<div class=\"elementor-widget-container\">\n\t\t\t\t\t<h1 class=\"elementor-heading-title elementor-size-default\">Servizi<\/h1>\t\t\t\t<\/div>\n\t\t\t\t<\/div>\n\t\t\t\t<\/div>\n\t\t<div class=\"elementor-element elementor-element-0a09d63 e-flex e-con-boxed e-con e-parent\" data-id=\"0a09d63\" data-element_type=\"container\" data-e-type=\"container\">\n\t\t\t\t\t<div class=\"e-con-inner\">\n\t\t<div class=\"elementor-element elementor-element-74bfc39 e-con-full e-flex e-con e-child\" data-id=\"74bfc39\" data-element_type=\"container\" data-e-type=\"container\" data-settings=\"{&quot;background_background&quot;:&quot;classic&quot;}\">\n\t\t\t\t<\/div>\n\t\t<div class=\"elementor-element elementor-element-e4b90b3 e-con-full e-flex e-con e-child\" data-id=\"e4b90b3\" data-element_type=\"container\" data-e-type=\"container\">\n\t\t\t\t<div class=\"elementor-element elementor-element-1ecfdd1 g-text-1 elementor-widget elementor-widget-heading\" data-id=\"1ecfdd1\" data-element_type=\"widget\" data-e-type=\"widget\" data-widget_type=\"heading.default\">\n\t\t\t\t<div class=\"elementor-widget-container\">\n\t\t\t\t\t<h2 class=\"elementor-heading-title elementor-size-default\">Sala per eventi all'Hotel Grosuplje<\/h2>\t\t\t\t<\/div>\n\t\t\t\t<\/div>\n\t\t\t\t<div class=\"elementor-element elementor-element-26eaa9b elementor-widget-divider--view-line elementor-widget elementor-widget-divider\" data-id=\"26eaa9b\" data-element_type=\"widget\" data-e-type=\"widget\" data-widget_type=\"divider.default\">\n\t\t\t\t<div class=\"elementor-widget-container\">\n\t\t\t\t\t\t\t<div class=\"elementor-divider\">\n\t\t\t<span class=\"elementor-divider-separator\">\n\t\t\t\t\t\t<\/span>\n\t\t<\/div>\n\t\t\t\t\t\t<\/div>\n\t\t\t\t<\/div>\n\t\t\t\t<div class=\"elementor-element elementor-element-9b624d4 elementor-widget elementor-widget-text-editor\" data-id=\"9b624d4\" data-element_type=\"widget\" data-e-type=\"widget\" data-widget_type=\"text-editor.default\">\n\t\t\t\t<div class=\"elementor-widget-container\">\n\t\t\t\t\t\t\t\t\t<p style=\"font-weight: 400;\">La nostra sala spaziosa e adattabile, che pu\u00f2 ospitare fino a 220 persone, \u00e8 il luogo perfetto per ogni tipo di evento \u2013 matrimoni, compleanni, riunioni aziendali, feste aziendali, grandi celebrazioni e eventi familiari. Indipendentemente dal tipo di evento, la nostra sala pu\u00f2 essere adattata alle vostre esigenze e preferenze. A seconda del numero di ospiti e del tipo di evento, possiamo configurare e modellare lo spazio secondo i vostri desideri, sia in spazi pi\u00f9 intimi che in sale pi\u00f9 ampie per una folla pi\u00f9 numerosa.  <\/p>\n<p style=\"font-weight: 400;\">Per ogni tipo di evento, offriamo una vasta gamma di cibi e bevande di alta qualit\u00e0. Il nostro team di chef prepara piatti selezionati con cura e realizzati utilizzando ingredienti freschi e locali. Abbiamo diversi men\u00f9, personalizzati in base ai vostri desideri e necessit\u00e0, che vanno dagli spuntini leggeri e cocktail fino a un pranzo o cena completi. Inoltre, offriamo una vasta selezione di bevande, per soddisfare ogni palato: dalle rinfrescanti bevande analcoliche a vini pregiati e altre bevande alcoliche.   <\/p>\n<p style=\"font-weight: 400;\">La nostra sala \u00e8 ideale per organizzare eventi di ogni tipo, in quanto offre completa adattabilit\u00e0 a tutte le vostre esigenze. Il nostro team si dedicher\u00e0 ad ogni dettaglio, affinch\u00e9 il vostro evento si svolga senza preoccupazioni, con una guida professionale, cibo e bevande di alta qualit\u00e0 e un ambiente accogliente. <\/p>\n<p style=\"font-weight: 400;\">Che si tratti di una piccola riunione d&#8217;affari o di una grande festa, la nostra sala dell&#8217;Hotel Grosuplje \u00e8 il luogo perfetto per il tuo evento, poich\u00e9 offriamo un servizio eccezionale che render\u00e0 la tua celebrazione indimenticabile.<\/p>\n\t\t\t\t\t\t\t\t<\/div>\n\t\t\t\t<\/div>\n\t\t\t\t<\/div>\n\t\t\t\t\t<\/div>\n\t\t\t\t<\/div>\n\t\t<div class=\"elementor-element elementor-element-b435d52 e-flex e-con-boxed e-con e-parent\" data-id=\"b435d52\" data-element_type=\"container\" data-e-type=\"container\">\n\t\t\t\t\t<div class=\"e-con-inner\">\n\t\t<div class=\"elementor-element elementor-element-79dbed5 e-con-full e-flex e-con e-child\" data-id=\"79dbed5\" data-element_type=\"container\" data-e-type=\"container\">\n\t\t\t\t<div class=\"elementor-element elementor-element-24fb5a7 g-text-1 elementor-widget elementor-widget-heading\" data-id=\"24fb5a7\" data-element_type=\"widget\" data-e-type=\"widget\" data-widget_type=\"heading.default\">\n\t\t\t\t<div class=\"elementor-widget-container\">\n\t\t\t\t\t<h2 class=\"elementor-heading-title elementor-size-default\">Matrimoni all'Hotel Grosuplje\n\n<\/h2>\t\t\t\t<\/div>\n\t\t\t\t<\/div>\n\t\t\t\t<div class=\"elementor-element elementor-element-ef97756 elementor-widget-divider--view-line elementor-widget elementor-widget-divider\" data-id=\"ef97756\" data-element_type=\"widget\" data-e-type=\"widget\" data-widget_type=\"divider.default\">\n\t\t\t\t<div class=\"elementor-widget-container\">\n\t\t\t\t\t\t\t<div class=\"elementor-divider\">\n\t\t\t<span class=\"elementor-divider-separator\">\n\t\t\t\t\t\t<\/span>\n\t\t<\/div>\n\t\t\t\t\t\t<\/div>\n\t\t\t\t<\/div>\n\t\t\t\t<div class=\"elementor-element elementor-element-85381c9 elementor-widget elementor-widget-text-editor\" data-id=\"85381c9\" data-element_type=\"widget\" data-e-type=\"widget\" data-widget_type=\"text-editor.default\">\n\t\t\t\t<div class=\"elementor-widget-container\">\n\t\t\t\t\t\t\t\t\t<p>L&#8217;Hotel Grosuplje \u00e8 il luogo ideale per celebrare uno dei momenti pi\u00f9 importanti della vostra vita: il vostro matrimonio. Che stiate pianificando un matrimonio intimo con i vostri cari o una grande festa con centinaia di ospiti, la nostra sala, che pu\u00f2 ospitare fino a 220 persone, \u00e8 completamente adattabile alle vostre esigenze e desideri. <u><\/u><u><\/u><\/p>\n<p>Per un&#8217;esperienza matrimoniale perfetta, offriamo tutto ci\u00f2 di cui avete bisogno per una celebrazione indimenticabile. Dalla decorazione che conferir\u00e0 un&#8217;atmosfera magica e romantica alla sala, ai cibi e alle bevande di alta qualit\u00e0 che impressioneranno i vostri ospiti. Il nostro team si occuper\u00e0 di ogni dettaglio \u2013 dalla scelta del menu, alla disposizione degli spazi, alla selezione della musica e del DJ, tutto sar\u00e0 adattato alla vostra visione del matrimonio.  <u><\/u><u><\/u><\/p>\n<p>Abbiamo una vasta selezione di men\u00f9, che vanno dagli eleganti hors d&#8217;oeuvres, cene festive, fino a una variet\u00e0 di dolci che lasceranno un&#8217;impressione indelebile ai vostri ospiti. Naturalmente, prepareremo anche tutte le bevande \u2013 dalla champagne, vino, cocktail, fino a bevande rinfrescanti, che completeranno l&#8217;intero ambiente. <u><\/u><u><\/u><\/p>\n<p>Inoltre, vi offriamo la possibilit\u00e0 di personalizzare completamente l&#8217;organizzazione del vostro matrimonio secondo i vostri desideri \u2013 dalla scelta della musica che segner\u00e0 il vostro momento speciale, ai servizi aggiuntivi che vi permetteranno di rilassarvi e godervi senza preoccupazioni il giorno pi\u00f9 bello della vostra vita.<u><\/u><u><\/u><\/p>\n<p>Tutto ci\u00f2 di cui avete bisogno per un matrimonio perfetto \u00e8 disponibile all&#8217;Hotel Grosuplje \u2013 dal personale professionale ai servizi di alta qualit\u00e0 che renderanno il vostro matrimonio indimenticabile. Affidatevi a noi per occuparci di ogni dettaglio e creare un matrimonio che rifletter\u00e0 il vostro stile e i vostri desideri. <u><\/u><u><\/u><\/p>\n<p>Per ulteriori informazioni o per una prenotazione, vi invitiamo a contattarci e iniziare insieme a pianificare il vostro matrimonio da sogno!<\/p>\n\t\t\t\t\t\t\t\t<\/div>\n\t\t\t\t<\/div>\n\t\t\t\t<\/div>\n\t\t<div class=\"elementor-element elementor-element-60b48b1 e-con-full e-flex e-con e-child\" data-id=\"60b48b1\" data-element_type=\"container\" data-e-type=\"container\" data-settings=\"{&quot;background_background&quot;:&quot;classic&quot;}\">\n\t\t\t\t<\/div>\n\t\t\t\t\t<\/div>\n\t\t\t\t<\/div>\n\t\t\t\t<\/div>\n\t\t","protected":false},"excerpt":{"rendered":"<p>Servizi Sala per eventi all&#8217;Hotel Grosuplje La nostra sala spaziosa e adattabile, che pu\u00f2 ospitare fino a 220 persone, \u00e8 il luogo perfetto per ogni tipo di evento \u2013 matrimoni, compleanni, riunioni aziendali, feste aziendali, grandi celebrazioni e eventi familiari. Indipendentemente dal tipo di evento, la nostra sala pu\u00f2 essere adattata alle vostre esigenze e [&hellip;]<\/p>\n","protected":false},"author":1,"featured_media":0,"parent":0,"menu_order":0,"comment_status":"closed","ping_status":"closed","template":"","meta":{"footnotes":""},"class_list":["post-1577","page","type-page","status-publish","hentry"],"_links":{"self":[{"href":"https:\/\/hotelgrosuplje.si\/it\/wp-json\/wp\/v2\/pages\/1577","targetHints":{"allow":["GET"]}}],"collection":[{"href":"https:\/\/hotelgrosuplje.si\/it\/wp-json\/wp\/v2\/pages"}],"about":[{"href":"https:\/\/hotelgrosuplje.si\/it\/wp-json\/wp\/v2\/types\/page"}],"author":[{"embeddable":true,"href":"https:\/\/hotelgrosuplje.si\/it\/wp-json\/wp\/v2\/users\/1"}],"replies":[{"embeddable":true,"href":"https:\/\/hotelgrosuplje.si\/it\/wp-json\/wp\/v2\/comments?post=1577"}],"version-history":[{"count":1,"href":"https:\/\/hotelgrosuplje.si\/it\/wp-json\/wp\/v2\/pages\/1577\/revisions"}],"predecessor-version":[{"id":1578,"href":"https:\/\/hotelgrosuplje.si\/it\/wp-json\/wp\/v2\/pages\/1577\/revisions\/1578"}],"wp:attachment":[{"href":"https:\/\/hotelgrosuplje.si\/it\/wp-json\/wp\/v2\/media?parent=1577"}],"curies":[{"name":"wp","href":"https:\/\/api.w.org\/{rel}","templated":true}]}}